{"id":1479,"date":"2019-10-16T16:11:29","date_gmt":"2019-10-16T16:11:29","guid":{"rendered":"https:\/\/the7.io\/company\/?page_id=1479"},"modified":"2025-02-14T10:37:48","modified_gmt":"2025-02-14T09:37:48","slug":"ueber-uns","status":"publish","type":"page","link":"https:\/\/siga-engineering.de\/index.php\/ueber-uns\/","title":{"rendered":"\u00dcber uns"},"content":{"rendered":"<div class=\"wpb-content-wrapper\"><p>[vc_row content_placement=&#8220;middle&#8220; css=&#8220;.vc_custom_1575390546273{padding-top: 55px !important;padding-bottom: 55px !important;}&#8220;][vc_column][vc_row_inner equal_height=&#8220;yes&#8220; content_placement=&#8220;middle&#8220;][vc_column_inner width=&#8220;1\/2&#8243; css=&#8220;.vc_custom_1739353843709{margin-top: 30px !important;margin-right: 25px !important;margin-bottom: 30px !important;margin-left: 25px !important;padding-top: 40% !important;padding-bottom: 40% !important;background-image: url(https:\/\/siga-engineering.de\/wordpress\/wp-content\/uploads\/2019\/11\/2024-09-26-10.11.54_b.jpg?id=3856) !important;background-position: center !important;background-repeat: no-repeat !important;background-size: cover !important;}&#8220;][\/vc_column_inner][vc_column_inner width=&#8220;1\/2&#8243; css=&#8220;.vc_custom_1575390506246{margin-top: 30px !important;margin-bottom: 30px !important;}&#8220;]<div id=\"ultimate-heading-83056a094f79c0aa2\" class=\"uvc-heading ult-adjust-bottom-margin ultimate-heading-83056a094f79c0aa2 uvc-3132  uvc-heading-default-font-sizes\" data-hspacer=\"no_spacer\"  data-halign=\"left\" style=\"text-align:left\"><div class=\"uvc-heading-spacer no_spacer\" style=\"top\"><\/div><div class=\"uvc-main-heading ult-responsive\"  data-ultimate-target='.uvc-heading.ultimate-heading-83056a094f79c0aa2 h3'  data-responsive-json-new='{\"font-size\":\"\",\"line-height\":\"\"}' ><h3 style=\"font-weight:bold;color:#148ba9;margin-bottom:20px;\">SIGA engineering<\/h3><\/div><div class=\"uvc-sub-heading ult-responsive\"  data-ultimate-target='.uvc-heading.ultimate-heading-83056a094f79c0aa2 .uvc-sub-heading '  data-responsive-json-new='{\"font-size\":\"desktop:34px;\",\"line-height\":\"desktop:44px;\"}'  style=\"font-weight:bold;color:#222222;margin-bottom:30px;\">Marcel Simons Ingenieurb\u00fcro f\u00fcr Geb\u00e4udeautomation<\/div><\/div>[vc_column_text css=&#8220;&#8220;]<strong>Ihr Partner f\u00fcr effiziente, smarte und nachhaltige Geb\u00e4ude!<\/strong><\/p>\n<p>Willkommen auf der Webseite des Ingenieurb\u00fcros f\u00fcr Geb\u00e4udeautomation von Marcel Simons. Seit der Gr\u00fcndung im Jahr 2014 haben wir uns als kompetenter Partner f\u00fcr die Planung, Implementierung und Wartung von intelligenten Geb\u00e4udetechnologien etabliert. Unser Ziel ist es, moderne, effiziente und nachhaltige L\u00f6sungen zu entwickeln, die den Energieverbrauch optimieren und gleichzeitig den Komfort und die Sicherheit in Geb\u00e4uden erh\u00f6hen.[\/vc_column_text][\/vc_column_inner][\/vc_row_inner][\/vc_column][\/vc_row][vc_row css=&#8220;.vc_custom_1739354907245{padding-top: 50px !important;}&#8220;][vc_column offset=&#8220;vc_col-lg-offset-2 vc_col-lg-8 vc_col-md-offset-2 vc_col-md-8 vc_col-sm-offset-0 vc_col-xs-12&#8243; css=&#8220;.vc_custom_1575393945905{padding-bottom: 70px !important;}&#8220;][vc_row_inner][vc_column_inner width=&#8220;1\/2&#8243; css=&#8220;.vc_custom_1575381119292{margin-bottom: 45px !important;border-right-width: 3px !important;padding-top: 30px !important;padding-bottom: 30px !important;border-right-color: #148ba9 !important;border-right-style: solid !important;}&#8220; offset=&#8220;vc_col-lg-offset-0 vc_col-md-offset-0 vc_col-sm-offset-0 vc_col-xs-6&#8243;][\/vc_column_inner][\/vc_row_inner]<div id=\"ultimate-heading-806a094f79c0ae4\" class=\"uvc-heading ult-adjust-bottom-margin ultimate-heading-806a094f79c0ae4 uvc-8006 \" data-hspacer=\"no_spacer\"  data-halign=\"center\" style=\"text-align:center\"><div class=\"uvc-heading-spacer no_spacer\" style=\"top\"><\/div><div class=\"uvc-main-heading ult-responsive\"  data-ultimate-target='.uvc-heading.ultimate-heading-806a094f79c0ae4 h2'  data-responsive-json-new='{\"font-size\":\"desktop:50px;\",\"line-height\":\"desktop:60px;\"}' ><h2 style=\"font-weight:bold;margin-bottom:10px;\">Unsere Philosophie<\/h2><\/div><div class=\"uvc-sub-heading ult-responsive\"  data-ultimate-target='.uvc-heading.ultimate-heading-806a094f79c0ae4 .uvc-sub-heading '  data-responsive-json-new='{\"font-size\":\"\",\"line-height\":\"\"}'  style=\"font-weight:normal;\">Mit einem klaren Fokus auf Qualit\u00e4t und Innovation bieten wir ma\u00dfgeschneiderte L\u00f6sungen f\u00fcr die Geb\u00e4udeautomation, die sowohl den technischen Anforderungen als auch den individuellen Bed\u00fcrfnissen unserer Kunden gerecht werden. Dabei kombinieren wir unser umfangreiches Fachwissen mit einer hohen Einsatzbereitschaft, um stets die besten Ergebnisse zu erzielen.<\/div><\/div>[\/vc_column][\/vc_row][vc_row css=&#8220;.vc_custom_1580120173974{padding-top: 60px !important;}&#8220;][vc_column offset=&#8220;vc_col-lg-offset-2 vc_col-lg-8 vc_col-md-offset-2 vc_col-md-8 vc_col-sm-offset-0 vc_col-xs-12&#8243; css=&#8220;.vc_custom_1575393945905{padding-bottom: 70px !important;}&#8220;][vc_row_inner][vc_column_inner width=&#8220;1\/2&#8243; css=&#8220;.vc_custom_1575381119292{margin-bottom: 45px !important;border-right-width: 3px !important;padding-top: 30px !important;padding-bottom: 30px !important;border-right-color: #148ba9 !important;border-right-style: solid !important;}&#8220; offset=&#8220;vc_col-lg-offset-0 vc_col-md-offset-0 vc_col-sm-offset-0 vc_col-xs-6&#8243;][\/vc_column_inner][\/vc_row_inner]<div id=\"ultimate-heading-12936a094f79c0b10\" class=\"uvc-heading ult-adjust-bottom-margin ultimate-heading-12936a094f79c0b10 uvc-8434 \" data-hspacer=\"no_spacer\"  data-halign=\"center\" style=\"text-align:center\"><div class=\"uvc-heading-spacer no_spacer\" style=\"top\"><\/div><div class=\"uvc-main-heading ult-responsive\"  data-ultimate-target='.uvc-heading.ultimate-heading-12936a094f79c0b10 h2'  data-responsive-json-new='{\"font-size\":\"desktop:50px;\",\"line-height\":\"desktop:60px;\"}' ><h2 style=\"font-weight:bold;margin-bottom:10px;\">Unsere Vision<\/h2><\/div><div class=\"uvc-sub-heading ult-responsive\"  data-ultimate-target='.uvc-heading.ultimate-heading-12936a094f79c0b10 .uvc-sub-heading '  data-responsive-json-new='{\"font-size\":\"\",\"line-height\":\"\"}'  style=\"font-weight:normal;\"><strong>Intelligente Geb\u00e4ude f\u00fcr eine nachhaltige Zukunft<\/strong><\/p>\n<p>Im Zentrum unseres Handelns steht die Vision, Geb\u00e4ude smarter, effizienter und umweltfreundlicher zu gestalten. Wir setzen auf moderne Technologien, die nicht nur die Energieeffizienz steigern, sondern auch den Komfort und die Lebensqualit\u00e4t f\u00fcr die Nutzer erh\u00f6hen. Unser Ziel ist es, mit jedem Projekt einen Beitrag zur Energiewende und zu einer nachhaltigen Zukunft zu leisten.<\/div><\/div>[\/vc_column][\/vc_row][vc_row css=&#8220;.vc_custom_1739354892015{padding-top: 50px !important;}&#8220;][vc_column offset=&#8220;vc_col-lg-offset-2 vc_col-lg-8 vc_col-md-offset-2 vc_col-md-8 vc_col-sm-offset-0 vc_col-xs-12&#8243; css=&#8220;.vc_custom_1575393945905{padding-bottom: 70px !important;}&#8220;][vc_row_inner][vc_column_inner width=&#8220;1\/2&#8243; css=&#8220;.vc_custom_1575381119292{margin-bottom: 45px !important;border-right-width: 3px !important;padding-top: 30px !important;padding-bottom: 30px !important;border-right-color: #148ba9 !important;border-right-style: solid !important;}&#8220; offset=&#8220;vc_col-lg-offset-0 vc_col-md-offset-0 vc_col-sm-offset-0 vc_col-xs-6&#8243;][\/vc_column_inner][\/vc_row_inner]<div id=\"ultimate-heading-19986a094f79c0b37\" class=\"uvc-heading ult-adjust-bottom-margin ultimate-heading-19986a094f79c0b37 uvc-6994 \" data-hspacer=\"no_spacer\"  data-halign=\"center\" style=\"text-align:center\"><div class=\"uvc-heading-spacer no_spacer\" style=\"top\"><\/div><div class=\"uvc-main-heading ult-responsive\"  data-ultimate-target='.uvc-heading.ultimate-heading-19986a094f79c0b37 h2'  data-responsive-json-new='{\"font-size\":\"desktop:50px;\",\"line-height\":\"desktop:60px;\"}' ><h2 style=\"font-weight:bold;margin-bottom:10px;\">Unser Team<\/h2><\/div><div class=\"uvc-sub-heading ult-responsive\"  data-ultimate-target='.uvc-heading.ultimate-heading-19986a094f79c0b37 .uvc-sub-heading '  data-responsive-json-new='{\"font-size\":\"\",\"line-height\":\"\"}'  style=\"font-weight:normal;\">Unser Team besteht aus hochqualifizierten Ingenieuren und Technikern, die \u00fcber jahrelange Erfahrung in der Geb\u00e4udeautomation verf\u00fcgen. Wir setzen auf kontinuierliche Weiterbildung und bleiben so stets auf dem neuesten Stand der Technik. Jeder Mitarbeiter bringt seine Expertise und Leidenschaft in jedes Projekt ein, um die besten L\u00f6sungen f\u00fcr unsere Kunden zu finden.<\/div><\/div>[\/vc_column][\/vc_row][vc_row full_width=&#8220;stretch_row&#8220; css=&#8220;.vc_custom_1739354878709{padding-top: 50px !important;padding-bottom: 50px !important;background-color: #148ba9 !important;}&#8220;][vc_column width=&#8220;1\/2&#8243; css=&#8220;.vc_custom_1575390830311{padding-bottom: 30px !important;}&#8220;]<div id=\"ultimate-heading-28016a094f79c0b5f\" class=\"uvc-heading ult-adjust-bottom-margin ultimate-heading-28016a094f79c0b5f uvc-4994  uvc-heading-default-font-sizes\" data-hspacer=\"no_spacer\"  data-halign=\"left\" style=\"text-align:left\"><div class=\"uvc-heading-spacer no_spacer\" style=\"top\"><\/div><div class=\"uvc-main-heading ult-responsive\"  data-ultimate-target='.uvc-heading.ultimate-heading-28016a094f79c0b5f h2'  data-responsive-json-new='{\"font-size\":\"\",\"line-height\":\"\"}' ><h2 style=\"font-weight:bold;color:#ffffff;\">Warum Marcel Simons Ingenieurb\u00fcro?<\/h2><\/div><\/div>[\/vc_column][vc_column width=&#8220;1\/2&#8243; css=&#8220;.vc_custom_1575390841399{padding-bottom: 30px !important;}&#8220;][vc_column_text css=&#8220;&#8220;]<span style=\"color: #b9dce5;\"><strong>Expertise seit 2014:<\/strong> Seit unserer Gr\u00fcndung setzen wir erfolgreich Projekte in der Geb\u00e4udeautomation um und haben uns als zuverl\u00e4ssiger Partner etabliert.<\/span><\/p>\n<p><span style=\"color: #b9dce5;\"><strong>Ma\u00dfgeschneiderte L\u00f6sungen:<\/strong> Wir bieten individuelle Beratung und Planung, die genau auf Ihre Bed\u00fcrfnisse und Anforderungen abgestimmt sind.<\/span><\/p>\n<p><span style=\"color: #b9dce5;\"><strong>Nachhaltigkeit:<\/strong> Unsere L\u00f6sungen sind darauf ausgelegt, den Energieverbrauch zu minimieren und die Umwelt zu schonen.<\/span><\/p>\n<p><span style=\"color: #b9dce5;\"><strong>Zuverl\u00e4ssigkeit:<\/strong> Wir halten uns an vereinbarte Termine und sorgen daf\u00fcr, dass Ihre Systeme stets zuverl\u00e4ssig und effizient laufen.<\/span>[\/vc_column_text][\/vc_column][\/vc_row][vc_row full_width=&#8220;stretch_row&#8220; css=&#8220;.vc_custom_1739525625810{padding-top: 50px !important;padding-bottom: 50px !important;background-color: #0000000A !important;}&#8220;][vc_column css=&#8220;.vc_custom_1575390830311{padding-bottom: 30px !important;}&#8220;]<div id=\"ultimate-heading-42996a094f79c0b9f\" class=\"uvc-heading ult-adjust-bottom-margin ultimate-heading-42996a094f79c0b9f uvc-9526  uvc-heading-default-font-sizes\" data-hspacer=\"no_spacer\"  data-halign=\"center\" style=\"text-align:center\"><div class=\"uvc-heading-spacer no_spacer\" style=\"top\"><\/div><div class=\"uvc-main-heading ult-responsive\"  data-ultimate-target='.uvc-heading.ultimate-heading-42996a094f79c0b9f h3'  data-responsive-json-new='{\"font-size\":\"\",\"line-height\":\"\"}' ><h3 style=\"font-weight:bold;color:#148BA9;\">Marcel Simons Ingenieurb\u00fcro f\u00fcr Geb\u00e4udeautomation<\/h3><\/div><div class=\"uvc-sub-heading ult-responsive\"  data-ultimate-target='.uvc-heading.ultimate-heading-42996a094f79c0b9f .uvc-sub-heading '  data-responsive-json-new='{\"font-size\":\"\",\"line-height\":\"\"}'  style=\"font-weight:normal;color:#148BA9;\"><strong>Ihr Partner f\u00fcr effiziente, smarte und nachhaltige Geb\u00e4ude.<\/strong><\/div><\/div>[\/vc_column][\/vc_row]<\/p>\n<\/div>","protected":false},"excerpt":{"rendered":"<p>[vc_row content_placement=&#8220;middle&#8220; css=&#8220;.vc_custom_1575390546273{padding-top: 55px !important;padding-bottom: 55px !important;}&#8220;][vc_column][vc_row_inner equal_height=&#8220;yes&#8220; content_placement=&#8220;middle&#8220;][vc_column_inner width=&#8220;1\/2&#8243; css=&#8220;.vc_custom_1739353843709{margin-top: 30px !important;margin-right: 25px !important;margin-bottom: 30px !important;margin-left: 25px !important;padding-top: 40% !important;padding-bottom: 40% !important;background-image: url(https:\/\/siga-engineering.de\/wordpress\/wp-content\/uploads\/2019\/11\/2024-09-26-10.11.54_b.jpg?id=3856) !important;background-position: center !important;background-repeat: no-repeat !important;background-size: cover !important;}&#8220;][\/vc_column_inner][vc_column_inner width=&#8220;1\/2&#8243; css=&#8220;.vc_custom_1575390506246{margin-top: 30px !important;margin-bottom: 30px !important;}&#8220;][vc_column_text css=&#8220;&#8220;]Ihr Partner f\u00fcr effiziente, smarte und nachhaltige Geb\u00e4ude! Willkommen auf der Webseite des Ingenieurb\u00fcros f\u00fcr Geb\u00e4udeautomation von Marcel&hellip;<\/p>\n","protected":false},"author":1,"featured_media":0,"parent":0,"menu_order":10,"comment_status":"closed","ping_status":"closed","template":"","meta":{"footnotes":""},"class_list":["post-1479","page","type-page","status-publish","hentry","description-off"],"_links":{"self":[{"href":"https:\/\/siga-engineering.de\/index.php\/wp-json\/wp\/v2\/pages\/1479","targetHints":{"allow":["GET"]}}],"collection":[{"href":"https:\/\/siga-engineering.de\/index.php\/wp-json\/wp\/v2\/pages"}],"about":[{"href":"https:\/\/siga-engineering.de\/index.php\/wp-json\/wp\/v2\/types\/page"}],"author":[{"embeddable":true,"href":"https:\/\/siga-engineering.de\/index.php\/wp-json\/wp\/v2\/users\/1"}],"replies":[{"embeddable":true,"href":"https:\/\/siga-engineering.de\/index.php\/wp-json\/wp\/v2\/comments?post=1479"}],"version-history":[{"count":21,"href":"https:\/\/siga-engineering.de\/index.php\/wp-json\/wp\/v2\/pages\/1479\/revisions"}],"predecessor-version":[{"id":3811,"href":"https:\/\/siga-engineering.de\/index.php\/wp-json\/wp\/v2\/pages\/1479\/revisions\/3811"}],"wp:attachment":[{"href":"https:\/\/siga-engineering.de\/index.php\/wp-json\/wp\/v2\/media?parent=1479"}],"curies":[{"name":"wp","href":"https:\/\/api.w.org\/{rel}","templated":true}]}}